{"id":1646,"date":"2025-02-20T14:02:34","date_gmt":"2025-02-20T13:02:34","guid":{"rendered":"https:\/\/www.dgs-hl.de\/about-us\/merch\/"},"modified":"2025-07-18T14:28:49","modified_gmt":"2025-07-18T12:28:49","slug":"merch","status":"publish","type":"page","link":"https:\/\/www.dgs-hl.de\/fr\/about-us\/merch\/","title":{"rendered":"Merch"},"content":{"rendered":"<p><div class=\"fusion-fullwidth fullwidth-box fusion-builder-row-1 fusion-flex-container has-pattern-background has-mask-background nonhundred-percent-fullwidth non-hundred-percent-height-scrolling\" style=\"--awb-border-radius-top-left:0px;--awb-border-radius-top-right:0px;--awb-border-radius-bottom-right:0px;--awb-border-radius-bottom-left:0px;--awb-margin-top:60px;--awb-margin-bottom:20px;--awb-margin-bottom-medium:0px;--awb-margin-bottom-small:0px;--awb-flex-wrap:wrap;\" ><div class=\"fusion-builder-row fusion-row fusion-flex-align-items-flex-start fusion-flex-content-wrap\" style=\"max-width:1248px;margin-left: calc(-4% \/ 2 );margin-right: calc(-4% \/ 2 );\"><div class=\"fusion-layout-column fusion_builder_column fusion-builder-column-0 fusion_builder_column_1_1 1_1 fusion-flex-column\" style=\"--awb-bg-size:cover;--awb-width-large:100%;--awb-margin-top-large:25px;--awb-spacing-right-large:1.92%;--awb-margin-bottom-large:25px;--awb-spacing-left-large:1.92%;--awb-width-medium:100%;--awb-order-medium:0;--awb-spacing-right-medium:1.92%;--awb-margin-bottom-medium:0;--awb-spacing-left-medium:1.92%;--awb-width-small:100%;--awb-order-small:0;--awb-spacing-right-small:1.92%;--awb-margin-bottom-small:0;--awb-spacing-left-small:1.92%;\" data-motion-effects=\"[{&quot;type&quot;:&quot;&quot;,&quot;scroll_type&quot;:&quot;transition&quot;,&quot;scroll_direction&quot;:&quot;up&quot;,&quot;transition_speed&quot;:&quot;1&quot;,&quot;fade_type&quot;:&quot;in&quot;,&quot;scale_type&quot;:&quot;up&quot;,&quot;initial_scale&quot;:&quot;1&quot;,&quot;max_scale&quot;:&quot;1.5&quot;,&quot;min_scale&quot;:&quot;0.5&quot;,&quot;initial_rotate&quot;:&quot;0&quot;,&quot;end_rotate&quot;:&quot;30&quot;,&quot;initial_blur&quot;:&quot;0&quot;,&quot;end_blur&quot;:&quot;3&quot;,&quot;start_element&quot;:&quot;top&quot;,&quot;start_viewport&quot;:&quot;bottom&quot;,&quot;end_element&quot;:&quot;bottom&quot;,&quot;end_viewport&quot;:&quot;top&quot;,&quot;mouse_effect&quot;:&quot;track&quot;,&quot;mouse_effect_direction&quot;:&quot;opposite&quot;,&quot;mouse_effect_speed&quot;:&quot;2&quot;,&quot;infinite_animation&quot;:&quot;float&quot;,&quot;infinite_animation_speed&quot;:&quot;2&quot;}]\" data-scroll-devices=\"small-visibility,medium-visibility,large-visibility\"><div class=\"fusion-column-wrapper fusion-column-has-shadow fusion-flex-justify-content-flex-start fusion-content-layout-column\"><div class=\"fusion-title title fusion-title-1 fusion-sep-none fusion-title-center fusion-title-text fusion-title-size-one\"><h1 class=\"fusion-title-heading title-heading-center fusion-responsive-typography-calculated\" style=\"margin:0;--fontSize:64;line-height:var(--awb-typography1-line-height);\">Merch<\/h1><\/div><\/div><\/div><\/div><\/div><div class=\"fusion-fullwidth fullwidth-box fusion-builder-row-2 fusion-flex-container has-pattern-background has-mask-background nonhundred-percent-fullwidth non-hundred-percent-height-scrolling\" style=\"--awb-border-radius-top-left:0px;--awb-border-radius-top-right:0px;--awb-border-radius-bottom-right:0px;--awb-border-radius-bottom-left:0px;--awb-padding-top-medium:60px;--awb-padding-bottom-medium:60px;--awb-padding-top-small:40px;--awb-padding-bottom-small:40px;--awb-margin-bottom:100px;--awb-flex-wrap:wrap;\" ><div class=\"fusion-builder-row fusion-row fusion-flex-align-items-stretch fusion-flex-align-content-center fusion-flex-content-wrap\" style=\"max-width:1248px;margin-left: calc(-4% \/ 2 );margin-right: calc(-4% \/ 2 );\"><div class=\"fusion-layout-column fusion_builder_column fusion-builder-column-1 fusion_builder_column_1_2 1_2 fusion-flex-column fusion-animated\" style=\"--awb-bg-blend:overlay;--awb-bg-size:cover;--awb-width-large:50%;--awb-margin-top-large:25px;--awb-spacing-right-large:9.6%;--awb-margin-bottom-large:25px;--awb-spacing-left-large:3.84%;--awb-width-medium:50%;--awb-spacing-right-medium:9.6%;--awb-spacing-left-medium:3.84%;--awb-width-small:100%;--awb-spacing-right-small:1.92%;--awb-spacing-left-small:1.92%;\" data-animationType=\"fadeInRight\" data-animationDuration=\"0.8\" data-animationOffset=\"top-into-view\"><div class=\"fusion-column-wrapper fusion-flex-justify-content-flex-start fusion-content-layout-column\"><div class=\"fusion-title title fusion-title-2 fusion-sep-none fusion-title-text fusion-title-size-three\" style=\"--awb-margin-top:0px;--awb-margin-bottom:25px;--awb-font-size:32px;\"><h3 class=\"fusion-title-heading title-heading-left fusion-responsive-typography-calculated\" style=\"margin:0;font-size:1em;--fontSize:32;line-height:1.3;\">Nous pouvons faire plus !<\/h3><\/div><div class=\"fusion-text fusion-text-1\" style=\"--awb-font-size:var(--awb-custom_typography_1-font-size);--awb-line-height:var(--awb-custom_typography_1-line-height);--awb-letter-spacing:var(--awb-custom_typography_1-letter-spacing);--awb-text-transform:var(--awb-custom_typography_1-text-transform);--awb-text-font-family:var(--awb-custom_typography_1-font-family);--awb-text-font-weight:var(--awb-custom_typography_1-font-weight);--awb-text-font-style:var(--awb-custom_typography_1-font-style);\"><p>T-shirts DSD, pulls, \u00e9chiquier, d\u00e9capsuleur<\/p>\n<p>Laissez-vous surprendre - plus de d\u00e9tails prochainement !<\/p>\n<\/div><div class=\"fusion-builder-row fusion-builder-row-inner fusion-row fusion-flex-align-items-stretch fusion-flex-align-content-center fusion-flex-content-wrap\" style=\"width:104% !important;max-width:104% !important;margin-left: calc(-4% \/ 2 );margin-right: calc(-4% \/ 2 );\"><div class=\"fusion-layout-column fusion_builder_column_inner fusion-builder-nested-column-0 fusion_builder_column_inner_1_2 1_2 fusion-flex-column button_white\" style=\"--awb-bg-size:cover;--awb-width-large:50%;--awb-margin-top-large:25px;--awb-spacing-right-large:3.84%;--awb-margin-bottom-large:25px;--awb-spacing-left-large:3.84%;--awb-width-medium:100%;--awb-order-medium:0;--awb-spacing-right-medium:1.92%;--awb-spacing-left-medium:1.92%;--awb-width-small:100%;--awb-order-small:0;--awb-spacing-right-small:1.92%;--awb-spacing-left-small:1.92%;\" data-motion-effects=\"[{&quot;type&quot;:&quot;&quot;,&quot;scroll_type&quot;:&quot;transition&quot;,&quot;scroll_direction&quot;:&quot;up&quot;,&quot;transition_speed&quot;:&quot;1&quot;,&quot;fade_type&quot;:&quot;in&quot;,&quot;scale_type&quot;:&quot;up&quot;,&quot;initial_scale&quot;:&quot;1&quot;,&quot;max_scale&quot;:&quot;1.5&quot;,&quot;min_scale&quot;:&quot;0.5&quot;,&quot;initial_rotate&quot;:&quot;0&quot;,&quot;end_rotate&quot;:&quot;30&quot;,&quot;initial_blur&quot;:&quot;0&quot;,&quot;end_blur&quot;:&quot;3&quot;,&quot;start_element&quot;:&quot;top&quot;,&quot;start_viewport&quot;:&quot;bottom&quot;,&quot;end_element&quot;:&quot;bottom&quot;,&quot;end_viewport&quot;:&quot;top&quot;,&quot;mouse_effect&quot;:&quot;track&quot;,&quot;mouse_effect_direction&quot;:&quot;opposite&quot;,&quot;mouse_effect_speed&quot;:&quot;2&quot;,&quot;infinite_animation&quot;:&quot;float&quot;,&quot;infinite_animation_speed&quot;:&quot;2&quot;}]\" data-scroll-devices=\"small-visibility,medium-visibility,large-visibility\"><div class=\"fusion-column-wrapper fusion-column-has-shadow fusion-flex-justify-content-flex-start fusion-content-layout-column\"><div ><a class=\"fusion-button button-flat fusion-button-default-size button-custom fusion-button-default button-1 fusion-button-span-yes fusion-button-default-type\" style=\"--button_accent_color:var(--awb-color5);--button_accent_hover_color:var(--awb-color1);--button_border_hover_color:var(--awb-color1);--button_gradient_top_color:var(--awb-color1);--button_gradient_bottom_color:var(--awb-color1);--button_gradient_top_color_hover:var(--awb-color5);--button_gradient_bottom_color_hover:var(--awb-color5);\" target=\"_blank\" rel=\"noopener noreferrer\" title=\"Bouton secondaire\" aria-label=\"Bouton secondaire\" href=\"#\"><i class=\"fa-file-alt far button-icon-left\" aria-hidden=\"true\"><\/i><span class=\"fusion-button-text\">Bouton secondaire<\/span><\/a><\/div><\/div><\/div><\/div><\/div><\/div><div class=\"fusion-layout-column fusion_builder_column fusion-builder-column-2 fusion_builder_column_1_2 1_2 fusion-flex-column fusion-animated\" style=\"--awb-bg-blend:overlay;--awb-bg-size:cover;--awb-width-large:50%;--awb-margin-top-large:25px;--awb-spacing-right-large:3.84%;--awb-margin-bottom-large:25px;--awb-spacing-left-large:9.6%;--awb-width-medium:50%;--awb-spacing-right-medium:3.84%;--awb-spacing-left-medium:9.6%;--awb-width-small:100%;--awb-spacing-right-small:1.92%;--awb-spacing-left-small:1.92%;\" data-animationType=\"fadeInLeft\" data-animationDuration=\"0.8\" data-animationOffset=\"top-into-view\"><div class=\"fusion-column-wrapper fusion-flex-justify-content-center fusion-content-layout-column\"><div class=\"fusion-image-element \" style=\"text-align:center;--awb-caption-title-font-family:var(--h2_typography-font-family);--awb-caption-title-font-weight:var(--h2_typography-font-weight);--awb-caption-title-font-style:var(--h2_typography-font-style);--awb-caption-title-size:var(--h2_typography-font-size);--awb-caption-title-transform:var(--h2_typography-text-transform);--awb-caption-title-line-height:var(--h2_typography-line-height);--awb-caption-title-letter-spacing:var(--h2_typography-letter-spacing);\"><span class=\" fusion-imageframe imageframe-none imageframe-1 hover-type-none\"><img decoding=\"async\" width=\"1024\" height=\"348\" title=\"20250613_213618\" src=\"https:\/\/www.dgs-hl.de\/wp-content\/uploads\/2025\/06\/20250613_213618.jpg\" data-orig-src=\"https:\/\/www.dgs-hl.de\/wp-content\/uploads\/2025\/06\/20250613_213618-1024x348.jpg\" alt class=\"lazyload img-responsive wp-image-4275\" srcset=\"data:image\/svg+xml,%3Csvg%20xmlns%3D%27http%3A%2F%2Fwww.w3.org%2F2000%2Fsvg%27%20width%3D%271347%27%20height%3D%27458%27%20viewBox%3D%270%200%201347%20458%27%3E%3Crect%20width%3D%271347%27%20height%3D%27458%27%20fill-opacity%3D%220%22%2F%3E%3C%2Fsvg%3E\" data-srcset=\"https:\/\/www.dgs-hl.de\/wp-content\/uploads\/2025\/06\/20250613_213618-200x68.jpg 200w, https:\/\/www.dgs-hl.de\/wp-content\/uploads\/2025\/06\/20250613_213618-400x136.jpg 400w, https:\/\/www.dgs-hl.de\/wp-content\/uploads\/2025\/06\/20250613_213618-600x204.jpg 600w, https:\/\/www.dgs-hl.de\/wp-content\/uploads\/2025\/06\/20250613_213618-800x272.jpg 800w, https:\/\/www.dgs-hl.de\/wp-content\/uploads\/2025\/06\/20250613_213618-1200x408.jpg 1200w, https:\/\/www.dgs-hl.de\/wp-content\/uploads\/2025\/06\/20250613_213618.jpg 1347w\" data-sizes=\"auto\" data-orig-sizes=\"(max-width: 992px) 100vw, (max-width: 992px) 100vw, 600px\" \/><\/span><\/div><\/div><\/div><\/div><\/div><\/p>\n","protected":false},"excerpt":{"rendered":"","protected":false},"author":4,"featured_media":0,"parent":1640,"menu_order":0,"comment_status":"closed","ping_status":"closed","template":"100-width.php","meta":{"footnotes":""},"class_list":["post-1646","page","type-page","status-publish","hentry"],"yoast_head":"<!-- This site is optimized with the Yoast SEO plugin v25.5 - https:\/\/yoast.com\/wordpress\/plugins\/seo\/ -->\n<title>Merch - druckguss service deutschland GmbH<\/title>\n<meta name=\"description\" content=\"Gebrauchte, revidierte und modernisierte Druckgussmaschinen. Die DSD-Druckgie\u00dfmaschinen entsprechen modernsten Anforderungen an solide Konstruktion, Wirtschaftlichkeit und Zuverl\u00e4ssigkeit, verbunden mit einem optimalen Hydraulikkonzept und innovativer Steuerung. Die Steuerung ist ein Beispiel modernster Technologie und Bedienerfreundlichkeit. Unsere Fernwartung erm\u00f6glicht schnelle Fehlererkennung und St\u00f6rungsbeseitigung. DSD GmbH liefert Gie\u00dfanlagen nach Ma\u00df, die allen modernen Anforderungen entsprechen.\" \/>\n<meta name=\"robots\" content=\"index, follow, max-snippet:-1, max-image-preview:large, max-video-preview:-1\" \/>\n<link rel=\"canonical\" href=\"https:\/\/www.dgs-hl.de\/fr\/about-us\/merch\/\" \/>\n<meta property=\"og:locale\" content=\"fr_FR\" \/>\n<meta property=\"og:type\" content=\"article\" \/>\n<meta property=\"og:title\" content=\"Merch - druckguss service deutschland GmbH\" \/>\n<meta property=\"og:description\" content=\"Gebrauchte, revidierte und modernisierte Druckgussmaschinen. Die DSD-Druckgie\u00dfmaschinen entsprechen modernsten Anforderungen an solide Konstruktion, Wirtschaftlichkeit und Zuverl\u00e4ssigkeit, verbunden mit einem optimalen Hydraulikkonzept und innovativer Steuerung. Die Steuerung ist ein Beispiel modernster Technologie und Bedienerfreundlichkeit. Unsere Fernwartung erm\u00f6glicht schnelle Fehlererkennung und St\u00f6rungsbeseitigung. DSD GmbH liefert Gie\u00dfanlagen nach Ma\u00df, die allen modernen Anforderungen entsprechen.\" \/>\n<meta property=\"og:url\" content=\"https:\/\/www.dgs-hl.de\/fr\/about-us\/merch\/\" \/>\n<meta property=\"og:site_name\" content=\"druckguss service deutschland GmbH\" \/>\n<meta property=\"article:modified_time\" content=\"2025-07-18T12:28:49+00:00\" \/>\n<meta name=\"twitter:card\" content=\"summary_large_image\" \/>\n<meta name=\"twitter:label1\" content=\"Dur\u00e9e de lecture estim\u00e9e\" \/>\n\t<meta name=\"twitter:data1\" content=\"16 minutes\" \/>\n<script type=\"application\/ld+json\" class=\"yoast-schema-graph\">{\"@context\":\"https:\/\/schema.org\",\"@graph\":[{\"@type\":\"WebPage\",\"@id\":\"https:\/\/www.dgs-hl.de\/fr\/about-us\/merch\/\",\"url\":\"https:\/\/www.dgs-hl.de\/fr\/about-us\/merch\/\",\"name\":\"Merch - druckguss service deutschland GmbH\",\"isPartOf\":{\"@id\":\"https:\/\/www.dgs-hl.de\/fr\/#website\"},\"datePublished\":\"2025-02-20T13:02:34+00:00\",\"dateModified\":\"2025-07-18T12:28:49+00:00\",\"description\":\"Gebrauchte, revidierte und modernisierte Druckgussmaschinen. Die DSD-Druckgie\u00dfmaschinen entsprechen modernsten Anforderungen an solide Konstruktion, Wirtschaftlichkeit und Zuverl\u00e4ssigkeit, verbunden mit einem optimalen Hydraulikkonzept und innovativer Steuerung. Die Steuerung ist ein Beispiel modernster Technologie und Bedienerfreundlichkeit. Unsere Fernwartung erm\u00f6glicht schnelle Fehlererkennung und St\u00f6rungsbeseitigung. DSD GmbH liefert Gie\u00dfanlagen nach Ma\u00df, die allen modernen Anforderungen entsprechen.\",\"breadcrumb\":{\"@id\":\"https:\/\/www.dgs-hl.de\/fr\/about-us\/merch\/#breadcrumb\"},\"inLanguage\":\"fr-FR\",\"potentialAction\":[{\"@type\":\"ReadAction\",\"target\":[\"https:\/\/www.dgs-hl.de\/fr\/about-us\/merch\/\"]}]},{\"@type\":\"BreadcrumbList\",\"@id\":\"https:\/\/www.dgs-hl.de\/fr\/about-us\/merch\/#breadcrumb\",\"itemListElement\":[{\"@type\":\"ListItem\",\"position\":1,\"name\":\"Startseite\",\"item\":\"https:\/\/www.dgs-hl.de\/fr\/\"},{\"@type\":\"ListItem\",\"position\":2,\"name\":\"\u00c0 propos de nous\",\"item\":\"https:\/\/www.dgs-hl.de\/fr\/about-us\/\"},{\"@type\":\"ListItem\",\"position\":3,\"name\":\"Merch\"}]},{\"@type\":\"WebSite\",\"@id\":\"https:\/\/www.dgs-hl.de\/fr\/#website\",\"url\":\"https:\/\/www.dgs-hl.de\/fr\/\",\"name\":\"druckguss service deutschland GmbH\",\"description\":\"\",\"potentialAction\":[{\"@type\":\"SearchAction\",\"target\":{\"@type\":\"EntryPoint\",\"urlTemplate\":\"https:\/\/www.dgs-hl.de\/fr\/?s={search_term_string}\"},\"query-input\":{\"@type\":\"PropertyValueSpecification\",\"valueRequired\":true,\"valueName\":\"search_term_string\"}}],\"inLanguage\":\"fr-FR\"}]}<\/script>\n<!-- \/ Yoast SEO plugin. -->","yoast_head_json":{"title":"Merch - druckguss service deutschland GmbH","description":"Gebrauchte, revidierte und modernisierte Druckgussmaschinen. Die DSD-Druckgie\u00dfmaschinen entsprechen modernsten Anforderungen an solide Konstruktion, Wirtschaftlichkeit und Zuverl\u00e4ssigkeit, verbunden mit einem optimalen Hydraulikkonzept und innovativer Steuerung. Die Steuerung ist ein Beispiel modernster Technologie und Bedienerfreundlichkeit. Unsere Fernwartung erm\u00f6glicht schnelle Fehlererkennung und St\u00f6rungsbeseitigung. DSD GmbH liefert Gie\u00dfanlagen nach Ma\u00df, die allen modernen Anforderungen entsprechen.","robots":{"index":"index","follow":"follow","max-snippet":"max-snippet:-1","max-image-preview":"max-image-preview:large","max-video-preview":"max-video-preview:-1"},"canonical":"https:\/\/www.dgs-hl.de\/fr\/about-us\/merch\/","og_locale":"fr_FR","og_type":"article","og_title":"Merch - druckguss service deutschland GmbH","og_description":"Gebrauchte, revidierte und modernisierte Druckgussmaschinen. Die DSD-Druckgie\u00dfmaschinen entsprechen modernsten Anforderungen an solide Konstruktion, Wirtschaftlichkeit und Zuverl\u00e4ssigkeit, verbunden mit einem optimalen Hydraulikkonzept und innovativer Steuerung. Die Steuerung ist ein Beispiel modernster Technologie und Bedienerfreundlichkeit. Unsere Fernwartung erm\u00f6glicht schnelle Fehlererkennung und St\u00f6rungsbeseitigung. DSD GmbH liefert Gie\u00dfanlagen nach Ma\u00df, die allen modernen Anforderungen entsprechen.","og_url":"https:\/\/www.dgs-hl.de\/fr\/about-us\/merch\/","og_site_name":"druckguss service deutschland GmbH","article_modified_time":"2025-07-18T12:28:49+00:00","twitter_card":"summary_large_image","twitter_misc":{"Dur\u00e9e de lecture estim\u00e9e":"16 minutes"},"schema":{"@context":"https:\/\/schema.org","@graph":[{"@type":"WebPage","@id":"https:\/\/www.dgs-hl.de\/fr\/about-us\/merch\/","url":"https:\/\/www.dgs-hl.de\/fr\/about-us\/merch\/","name":"Merch - druckguss service deutschland GmbH","isPartOf":{"@id":"https:\/\/www.dgs-hl.de\/fr\/#website"},"datePublished":"2025-02-20T13:02:34+00:00","dateModified":"2025-07-18T12:28:49+00:00","description":"Gebrauchte, revidierte und modernisierte Druckgussmaschinen. Die DSD-Druckgie\u00dfmaschinen entsprechen modernsten Anforderungen an solide Konstruktion, Wirtschaftlichkeit und Zuverl\u00e4ssigkeit, verbunden mit einem optimalen Hydraulikkonzept und innovativer Steuerung. Die Steuerung ist ein Beispiel modernster Technologie und Bedienerfreundlichkeit. Unsere Fernwartung erm\u00f6glicht schnelle Fehlererkennung und St\u00f6rungsbeseitigung. DSD GmbH liefert Gie\u00dfanlagen nach Ma\u00df, die allen modernen Anforderungen entsprechen.","breadcrumb":{"@id":"https:\/\/www.dgs-hl.de\/fr\/about-us\/merch\/#breadcrumb"},"inLanguage":"fr-FR","potentialAction":[{"@type":"ReadAction","target":["https:\/\/www.dgs-hl.de\/fr\/about-us\/merch\/"]}]},{"@type":"BreadcrumbList","@id":"https:\/\/www.dgs-hl.de\/fr\/about-us\/merch\/#breadcrumb","itemListElement":[{"@type":"ListItem","position":1,"name":"Startseite","item":"https:\/\/www.dgs-hl.de\/fr\/"},{"@type":"ListItem","position":2,"name":"\u00c0 propos de nous","item":"https:\/\/www.dgs-hl.de\/fr\/about-us\/"},{"@type":"ListItem","position":3,"name":"Merch"}]},{"@type":"WebSite","@id":"https:\/\/www.dgs-hl.de\/fr\/#website","url":"https:\/\/www.dgs-hl.de\/fr\/","name":"druckguss service deutschland GmbH","description":"","potentialAction":[{"@type":"SearchAction","target":{"@type":"EntryPoint","urlTemplate":"https:\/\/www.dgs-hl.de\/fr\/?s={search_term_string}"},"query-input":{"@type":"PropertyValueSpecification","valueRequired":true,"valueName":"search_term_string"}}],"inLanguage":"fr-FR"}]}},"_links":{"self":[{"href":"https:\/\/www.dgs-hl.de\/fr\/wp-json\/wp\/v2\/pages\/1646","targetHints":{"allow":["GET"]}}],"collection":[{"href":"https:\/\/www.dgs-hl.de\/fr\/wp-json\/wp\/v2\/pages"}],"about":[{"href":"https:\/\/www.dgs-hl.de\/fr\/wp-json\/wp\/v2\/types\/page"}],"author":[{"embeddable":true,"href":"https:\/\/www.dgs-hl.de\/fr\/wp-json\/wp\/v2\/users\/4"}],"replies":[{"embeddable":true,"href":"https:\/\/www.dgs-hl.de\/fr\/wp-json\/wp\/v2\/comments?post=1646"}],"version-history":[{"count":27,"href":"https:\/\/www.dgs-hl.de\/fr\/wp-json\/wp\/v2\/pages\/1646\/revisions"}],"predecessor-version":[{"id":5160,"href":"https:\/\/www.dgs-hl.de\/fr\/wp-json\/wp\/v2\/pages\/1646\/revisions\/5160"}],"up":[{"embeddable":true,"href":"https:\/\/www.dgs-hl.de\/fr\/wp-json\/wp\/v2\/pages\/1640"}],"wp:attachment":[{"href":"https:\/\/www.dgs-hl.de\/fr\/wp-json\/wp\/v2\/media?parent=1646"}],"curies":[{"name":"wp","href":"https:\/\/api.w.org\/{rel}","templated":true}]}}