{"id":1770,"date":"2025-02-25T11:35:55","date_gmt":"2025-02-25T10:35:55","guid":{"rendered":"https:\/\/www.dgs-hl.de\/about-us\/historie\/"},"modified":"2025-07-24T14:01:14","modified_gmt":"2025-07-24T12:01:14","slug":"historie","status":"publish","type":"page","link":"https:\/\/www.dgs-hl.de\/en\/about-us\/historie\/","title":{"rendered":"History"},"content":{"rendered":"","protected":true},"excerpt":{"rendered":"","protected":true},"author":4,"featured_media":0,"parent":1639,"menu_order":0,"comment_status":"closed","ping_status":"closed","template":"100-width.php","meta":{"footnotes":""},"class_list":["post-1770","page","type-page","status-publish","post-password-required","hentry"],"yoast_head":"<!-- This site is optimized with the Yoast SEO plugin v25.5 - https:\/\/yoast.com\/wordpress\/plugins\/seo\/ -->\n<title>History - druckguss service deutschland GmbH<\/title>\n<meta name=\"description\" content=\"Gebrauchte, revidierte und modernisierte Druckgussmaschinen. Die DSD-Druckgie\u00dfmaschinen entsprechen modernsten Anforderungen an solide Konstruktion, Wirtschaftlichkeit und Zuverl\u00e4ssigkeit, verbunden mit einem optimalen Hydraulikkonzept und innovativer Steuerung. Die Steuerung ist ein Beispiel modernster Technologie und Bedienerfreundlichkeit. Unsere Fernwartung erm\u00f6glicht schnelle Fehlererkennung und St\u00f6rungsbeseitigung. DSD GmbH liefert Gie\u00dfanlagen nach Ma\u00df, die allen modernen Anforderungen entsprechen.\" \/>\n<meta name=\"robots\" content=\"index, follow, max-snippet:-1, max-image-preview:large, max-video-preview:-1\" \/>\n<link rel=\"canonical\" href=\"https:\/\/www.dgs-hl.de\/en\/about-us\/historie\/\" \/>\n<meta property=\"og:locale\" content=\"en_US\" \/>\n<meta property=\"og:type\" content=\"article\" \/>\n<meta property=\"og:title\" content=\"History - druckguss service deutschland GmbH\" \/>\n<meta property=\"og:description\" content=\"Gebrauchte, revidierte und modernisierte Druckgussmaschinen. Die DSD-Druckgie\u00dfmaschinen entsprechen modernsten Anforderungen an solide Konstruktion, Wirtschaftlichkeit und Zuverl\u00e4ssigkeit, verbunden mit einem optimalen Hydraulikkonzept und innovativer Steuerung. Die Steuerung ist ein Beispiel modernster Technologie und Bedienerfreundlichkeit. Unsere Fernwartung erm\u00f6glicht schnelle Fehlererkennung und St\u00f6rungsbeseitigung. DSD GmbH liefert Gie\u00dfanlagen nach Ma\u00df, die allen modernen Anforderungen entsprechen.\" \/>\n<meta property=\"og:url\" content=\"https:\/\/www.dgs-hl.de\/en\/about-us\/historie\/\" \/>\n<meta property=\"og:site_name\" content=\"druckguss service deutschland GmbH\" \/>\n<meta property=\"article:modified_time\" content=\"2025-07-24T12:01:14+00:00\" \/>\n<meta name=\"twitter:card\" content=\"summary_large_image\" \/>\n<meta name=\"twitter:label1\" content=\"Est. reading time\" \/>\n\t<meta name=\"twitter:data1\" content=\"76 minutes\" \/>\n<script type=\"application\/ld+json\" class=\"yoast-schema-graph\">{\"@context\":\"https:\/\/schema.org\",\"@graph\":[{\"@type\":\"WebPage\",\"@id\":\"https:\/\/www.dgs-hl.de\/en\/about-us\/historie\/\",\"url\":\"https:\/\/www.dgs-hl.de\/en\/about-us\/historie\/\",\"name\":\"History - druckguss service deutschland GmbH\",\"isPartOf\":{\"@id\":\"https:\/\/www.dgs-hl.de\/en\/#website\"},\"datePublished\":\"2025-02-25T10:35:55+00:00\",\"dateModified\":\"2025-07-24T12:01:14+00:00\",\"breadcrumb\":{\"@id\":\"https:\/\/www.dgs-hl.de\/en\/about-us\/historie\/#breadcrumb\"},\"inLanguage\":\"en-US\"},{\"@type\":\"WebSite\",\"@id\":\"https:\/\/www.dgs-hl.de\/en\/#website\",\"url\":\"https:\/\/www.dgs-hl.de\/en\/\",\"name\":\"druckguss service deutschland GmbH\",\"description\":\"\",\"potentialAction\":[{\"@type\":\"SearchAction\",\"target\":{\"@type\":\"EntryPoint\",\"urlTemplate\":\"https:\/\/www.dgs-hl.de\/en\/?s={search_term_string}\"},\"query-input\":{\"@type\":\"PropertyValueSpecification\",\"valueRequired\":true,\"valueName\":\"search_term_string\"}}],\"inLanguage\":\"en-US\"}]}<\/script>\n<!-- \/ Yoast SEO plugin. -->","yoast_head_json":{"title":"History - druckguss service deutschland GmbH","description":"Gebrauchte, revidierte und modernisierte Druckgussmaschinen. Die DSD-Druckgie\u00dfmaschinen entsprechen modernsten Anforderungen an solide Konstruktion, Wirtschaftlichkeit und Zuverl\u00e4ssigkeit, verbunden mit einem optimalen Hydraulikkonzept und innovativer Steuerung. Die Steuerung ist ein Beispiel modernster Technologie und Bedienerfreundlichkeit. Unsere Fernwartung erm\u00f6glicht schnelle Fehlererkennung und St\u00f6rungsbeseitigung. DSD GmbH liefert Gie\u00dfanlagen nach Ma\u00df, die allen modernen Anforderungen entsprechen.","robots":{"index":"index","follow":"follow","max-snippet":"max-snippet:-1","max-image-preview":"max-image-preview:large","max-video-preview":"max-video-preview:-1"},"canonical":"https:\/\/www.dgs-hl.de\/en\/about-us\/historie\/","og_locale":"en_US","og_type":"article","og_title":"History - druckguss service deutschland GmbH","og_description":"Gebrauchte, revidierte und modernisierte Druckgussmaschinen. Die DSD-Druckgie\u00dfmaschinen entsprechen modernsten Anforderungen an solide Konstruktion, Wirtschaftlichkeit und Zuverl\u00e4ssigkeit, verbunden mit einem optimalen Hydraulikkonzept und innovativer Steuerung. Die Steuerung ist ein Beispiel modernster Technologie und Bedienerfreundlichkeit. Unsere Fernwartung erm\u00f6glicht schnelle Fehlererkennung und St\u00f6rungsbeseitigung. DSD GmbH liefert Gie\u00dfanlagen nach Ma\u00df, die allen modernen Anforderungen entsprechen.","og_url":"https:\/\/www.dgs-hl.de\/en\/about-us\/historie\/","og_site_name":"druckguss service deutschland GmbH","article_modified_time":"2025-07-24T12:01:14+00:00","twitter_card":"summary_large_image","twitter_misc":{"Est. reading time":"76 minutes"},"schema":{"@context":"https:\/\/schema.org","@graph":[{"@type":"WebPage","@id":"https:\/\/www.dgs-hl.de\/en\/about-us\/historie\/","url":"https:\/\/www.dgs-hl.de\/en\/about-us\/historie\/","name":"History - druckguss service deutschland GmbH","isPartOf":{"@id":"https:\/\/www.dgs-hl.de\/en\/#website"},"datePublished":"2025-02-25T10:35:55+00:00","dateModified":"2025-07-24T12:01:14+00:00","breadcrumb":{"@id":"https:\/\/www.dgs-hl.de\/en\/about-us\/historie\/#breadcrumb"},"inLanguage":"en-US"},{"@type":"WebSite","@id":"https:\/\/www.dgs-hl.de\/en\/#website","url":"https:\/\/www.dgs-hl.de\/en\/","name":"druckguss service deutschland GmbH","description":"","potentialAction":[{"@type":"SearchAction","target":{"@type":"EntryPoint","urlTemplate":"https:\/\/www.dgs-hl.de\/en\/?s={search_term_string}"},"query-input":{"@type":"PropertyValueSpecification","valueRequired":true,"valueName":"search_term_string"}}],"inLanguage":"en-US"}]}},"_links":{"self":[{"href":"https:\/\/www.dgs-hl.de\/en\/wp-json\/wp\/v2\/pages\/1770","targetHints":{"allow":["GET"]}}],"collection":[{"href":"https:\/\/www.dgs-hl.de\/en\/wp-json\/wp\/v2\/pages"}],"about":[{"href":"https:\/\/www.dgs-hl.de\/en\/wp-json\/wp\/v2\/types\/page"}],"author":[{"embeddable":true,"href":"https:\/\/www.dgs-hl.de\/en\/wp-json\/wp\/v2\/users\/4"}],"replies":[{"embeddable":true,"href":"https:\/\/www.dgs-hl.de\/en\/wp-json\/wp\/v2\/comments?post=1770"}],"version-history":[{"count":25,"href":"https:\/\/www.dgs-hl.de\/en\/wp-json\/wp\/v2\/pages\/1770\/revisions"}],"predecessor-version":[{"id":5889,"href":"https:\/\/www.dgs-hl.de\/en\/wp-json\/wp\/v2\/pages\/1770\/revisions\/5889"}],"up":[{"embeddable":true,"href":"https:\/\/www.dgs-hl.de\/en\/wp-json\/wp\/v2\/pages\/1639"}],"wp:attachment":[{"href":"https:\/\/www.dgs-hl.de\/en\/wp-json\/wp\/v2\/media?parent=1770"}],"curies":[{"name":"wp","href":"https:\/\/api.w.org\/{rel}","templated":true}]}}